{"id":14,"date":"2023-03-23T23:33:05","date_gmt":"2023-03-24T02:33:05","guid":{"rendered":"https:\/\/www.lotodicas.com.br\/loterias\/?page_id=14"},"modified":"2023-03-23T23:33:05","modified_gmt":"2023-03-24T02:33:05","slug":"sobre","status":"publish","type":"page","link":"https:\/\/www.lotodicas.com.br\/loterias\/sobre\/","title":{"rendered":"Sobre"},"content":{"rendered":"\n<p>Ol\u00e1, seja bem vindo ao site Lotodicas.<\/p>\n\n\n\n<p>O Lotodicas \u00e9 um site especializado em informa\u00e7\u00f5es sobre as loterias da Caixa Econ\u00f4mica Federal. Divulgamos resultados atualizados, logo ap\u00f3s os sorteios. Oferecemos ferramentas gratuitas para apostadores, como matrizes de fechamentos, tabelas de estat\u00edsticas atualizadas diariamente, simuladores e geradores de jogos para as principais loterias da Caixa: Lotof\u00e1cil, Mega-Sena, Quina, Dupla Sena, Lotomania, Timemania e Dia de Sorte.<\/p>\n\n\n\n<p>Desfrute de tudo o que o site te oferece.<\/p>\n\n\n\n<p>BOA SORTE!!!<\/p>\n\n\n\n<p><\/p>\n\n\n\n<p><\/p>\n","protected":false},"excerpt":{"rendered":"<p>Ol\u00e1, seja bem vindo ao site Lotodicas. O Lotodicas \u00e9 um site especializado em informa\u00e7\u00f5es sobre as loterias da Caixa Econ\u00f4mica Federal. Divulgamos resultados atualizados, logo ap\u00f3s os sorteios. Oferecemos ferramentas gratuitas para apostadores, como matrizes de fechamentos, tabelas de estat\u00edsticas atualizadas diariamente, simuladores e geradores de jogos para as principais loterias da Caixa: Lotof\u00e1cil, &#8230; <a title=\"Sobre\" class=\"read-more\" href=\"https:\/\/www.lotodicas.com.br\/loterias\/sobre\/\" aria-label=\"Read more about Sobre\">Ler mais<\/a><\/p>\n","protected":false},"author":16,"featured_media":0,"parent":0,"menu_order":0,"comment_status":"closed","ping_status":"closed","template":"","meta":{"footnotes":""},"class_list":["post-14","page","type-page","status-publish"],"yoast_head":"<!-- This site is optimized with the Yoast SEO plugin v23.1 - https:\/\/yoast.com\/wordpress\/plugins\/seo\/ -->\n<title>Lotodicas Sobre Saiba Mais Sobre Nosso Simulador<\/title>\n<meta name=\"description\" content=\"Lotodicas Sobre, saiba mais sobre nossa empresa, que te ajuda com estat\u00edsticas, geradores de loterias, simulador de loterias e resultados\" \/>\n<meta name=\"robots\" content=\"index, follow, max-snippet:-1, max-image-preview:large, max-video-preview:-1\" \/>\n<link rel=\"canonical\" href=\"https:\/\/www.lotodicas.com.br\/loterias\/sobre\/\" \/>\n<meta property=\"og:locale\" content=\"pt_BR\" \/>\n<meta property=\"og:type\" content=\"article\" \/>\n<meta property=\"og:title\" content=\"Lotodicas Sobre Saiba Mais Sobre Nosso Simulador\" \/>\n<meta property=\"og:description\" content=\"Lotodicas Sobre, saiba mais sobre nossa empresa, que te ajuda com estat\u00edsticas, geradores de loterias, simulador de loterias e resultados\" \/>\n<meta property=\"og:url\" content=\"https:\/\/www.lotodicas.com.br\/loterias\/sobre\/\" \/>\n<meta property=\"og:site_name\" content=\"Resultados\" \/>\n<meta property=\"article:publisher\" content=\"https:\/\/www.facebook.com\/lotodicas.com.br\/\" \/>\n<meta name=\"twitter:card\" content=\"summary_large_image\" \/>\n<meta name=\"twitter:site\" content=\"@lotodicas\" \/>\n<meta name=\"twitter:label1\" content=\"Est. tempo de leitura\" \/>\n\t<meta name=\"twitter:data1\" content=\"1 minuto\" \/>\n<script type=\"application\/ld+json\" class=\"yoast-schema-graph\">{\"@context\":\"https:\/\/schema.org\",\"@graph\":[{\"@type\":\"WebPage\",\"@id\":\"https:\/\/www.lotodicas.com.br\/loterias\/sobre\/\",\"url\":\"https:\/\/www.lotodicas.com.br\/loterias\/sobre\/\",\"name\":\"Lotodicas Sobre Saiba Mais Sobre Nosso Simulador\",\"isPartOf\":{\"@id\":\"https:\/\/www.lotodicas.com.br\/loterias\/#website\"},\"datePublished\":\"2023-03-24T02:33:05+00:00\",\"dateModified\":\"2023-03-24T02:33:05+00:00\",\"description\":\"Lotodicas Sobre, saiba mais sobre nossa empresa, que te ajuda com estat\u00edsticas, geradores de loterias, simulador de loterias e resultados\",\"breadcrumb\":{\"@id\":\"https:\/\/www.lotodicas.com.br\/loterias\/sobre\/#breadcrumb\"},\"inLanguage\":\"pt-BR\",\"potentialAction\":[{\"@type\":\"ReadAction\",\"target\":[\"https:\/\/www.lotodicas.com.br\/loterias\/sobre\/\"]}]},{\"@type\":\"BreadcrumbList\",\"@id\":\"https:\/\/www.lotodicas.com.br\/loterias\/sobre\/#breadcrumb\",\"itemListElement\":[{\"@type\":\"ListItem\",\"position\":1,\"name\":\"In\u00edcio\",\"item\":\"https:\/\/www.lotodicas.com.br\/loterias\/\"},{\"@type\":\"ListItem\",\"position\":2,\"name\":\"Sobre\"}]},{\"@type\":\"WebSite\",\"@id\":\"https:\/\/www.lotodicas.com.br\/loterias\/#website\",\"url\":\"https:\/\/www.lotodicas.com.br\/loterias\/\",\"name\":\"Lotodicas - Dicas, Estat\u00edsticas, Fechamentos e Resultados de Loterias\",\"description\":\"\",\"publisher\":{\"@id\":\"https:\/\/www.lotodicas.com.br\/loterias\/#organization\"},\"potentialAction\":[{\"@type\":\"SearchAction\",\"target\":{\"@type\":\"EntryPoint\",\"urlTemplate\":\"https:\/\/www.lotodicas.com.br\/loterias\/?s={search_term_string}\"},\"query-input\":\"required name=search_term_string\"}],\"inLanguage\":\"pt-BR\"},{\"@type\":\"Organization\",\"@id\":\"https:\/\/www.lotodicas.com.br\/loterias\/#organization\",\"name\":\"Lotodicas\",\"url\":\"https:\/\/www.lotodicas.com.br\/loterias\/\",\"logo\":{\"@type\":\"ImageObject\",\"inLanguage\":\"pt-BR\",\"@id\":\"https:\/\/www.lotodicas.com.br\/loterias\/#\/schema\/logo\/image\/\",\"url\":\"https:\/\/www.lotodicas.com.br\/loterias\/wp-content\/uploads\/2023\/03\/logotipo-lotodicas-loterias.png\",\"contentUrl\":\"https:\/\/www.lotodicas.com.br\/loterias\/wp-content\/uploads\/2023\/03\/logotipo-lotodicas-loterias.png\",\"width\":248,\"height\":52,\"caption\":\"Lotodicas\"},\"image\":{\"@id\":\"https:\/\/www.lotodicas.com.br\/loterias\/#\/schema\/logo\/image\/\"},\"sameAs\":[\"https:\/\/www.facebook.com\/lotodicas.com.br\/\",\"https:\/\/x.com\/lotodicas\",\"https:\/\/www.instagram.com\/lotodicas\/\"]}]}<\/script>\n<!-- \/ Yoast SEO plugin. -->","yoast_head_json":{"title":"Lotodicas Sobre Saiba Mais Sobre Nosso Simulador","description":"Lotodicas Sobre, saiba mais sobre nossa empresa, que te ajuda com estat\u00edsticas, geradores de loterias, simulador de loterias e resultados","robots":{"index":"index","follow":"follow","max-snippet":"max-snippet:-1","max-image-preview":"max-image-preview:large","max-video-preview":"max-video-preview:-1"},"canonical":"https:\/\/www.lotodicas.com.br\/loterias\/sobre\/","og_locale":"pt_BR","og_type":"article","og_title":"Lotodicas Sobre Saiba Mais Sobre Nosso Simulador","og_description":"Lotodicas Sobre, saiba mais sobre nossa empresa, que te ajuda com estat\u00edsticas, geradores de loterias, simulador de loterias e resultados","og_url":"https:\/\/www.lotodicas.com.br\/loterias\/sobre\/","og_site_name":"Resultados","article_publisher":"https:\/\/www.facebook.com\/lotodicas.com.br\/","twitter_card":"summary_large_image","twitter_site":"@lotodicas","twitter_misc":{"Est. tempo de leitura":"1 minuto"},"schema":{"@context":"https:\/\/schema.org","@graph":[{"@type":"WebPage","@id":"https:\/\/www.lotodicas.com.br\/loterias\/sobre\/","url":"https:\/\/www.lotodicas.com.br\/loterias\/sobre\/","name":"Lotodicas Sobre Saiba Mais Sobre Nosso Simulador","isPartOf":{"@id":"https:\/\/www.lotodicas.com.br\/loterias\/#website"},"datePublished":"2023-03-24T02:33:05+00:00","dateModified":"2023-03-24T02:33:05+00:00","description":"Lotodicas Sobre, saiba mais sobre nossa empresa, que te ajuda com estat\u00edsticas, geradores de loterias, simulador de loterias e resultados","breadcrumb":{"@id":"https:\/\/www.lotodicas.com.br\/loterias\/sobre\/#breadcrumb"},"inLanguage":"pt-BR","potentialAction":[{"@type":"ReadAction","target":["https:\/\/www.lotodicas.com.br\/loterias\/sobre\/"]}]},{"@type":"BreadcrumbList","@id":"https:\/\/www.lotodicas.com.br\/loterias\/sobre\/#breadcrumb","itemListElement":[{"@type":"ListItem","position":1,"name":"In\u00edcio","item":"https:\/\/www.lotodicas.com.br\/loterias\/"},{"@type":"ListItem","position":2,"name":"Sobre"}]},{"@type":"WebSite","@id":"https:\/\/www.lotodicas.com.br\/loterias\/#website","url":"https:\/\/www.lotodicas.com.br\/loterias\/","name":"Lotodicas - Dicas, Estat\u00edsticas, Fechamentos e Resultados de Loterias","description":"","publisher":{"@id":"https:\/\/www.lotodicas.com.br\/loterias\/#organization"},"potentialAction":[{"@type":"SearchAction","target":{"@type":"EntryPoint","urlTemplate":"https:\/\/www.lotodicas.com.br\/loterias\/?s={search_term_string}"},"query-input":"required name=search_term_string"}],"inLanguage":"pt-BR"},{"@type":"Organization","@id":"https:\/\/www.lotodicas.com.br\/loterias\/#organization","name":"Lotodicas","url":"https:\/\/www.lotodicas.com.br\/loterias\/","logo":{"@type":"ImageObject","inLanguage":"pt-BR","@id":"https:\/\/www.lotodicas.com.br\/loterias\/#\/schema\/logo\/image\/","url":"https:\/\/www.lotodicas.com.br\/loterias\/wp-content\/uploads\/2023\/03\/logotipo-lotodicas-loterias.png","contentUrl":"https:\/\/www.lotodicas.com.br\/loterias\/wp-content\/uploads\/2023\/03\/logotipo-lotodicas-loterias.png","width":248,"height":52,"caption":"Lotodicas"},"image":{"@id":"https:\/\/www.lotodicas.com.br\/loterias\/#\/schema\/logo\/image\/"},"sameAs":["https:\/\/www.facebook.com\/lotodicas.com.br\/","https:\/\/x.com\/lotodicas","https:\/\/www.instagram.com\/lotodicas\/"]}]}},"_links":{"self":[{"href":"https:\/\/www.lotodicas.com.br\/loterias\/wp-json\/wp\/v2\/pages\/14","targetHints":{"allow":["GET"]}}],"collection":[{"href":"https:\/\/www.lotodicas.com.br\/loterias\/wp-json\/wp\/v2\/pages"}],"about":[{"href":"https:\/\/www.lotodicas.com.br\/loterias\/wp-json\/wp\/v2\/types\/page"}],"author":[{"embeddable":true,"href":"https:\/\/www.lotodicas.com.br\/loterias\/wp-json\/wp\/v2\/users\/16"}],"replies":[{"embeddable":true,"href":"https:\/\/www.lotodicas.com.br\/loterias\/wp-json\/wp\/v2\/comments?post=14"}],"version-history":[{"count":1,"href":"https:\/\/www.lotodicas.com.br\/loterias\/wp-json\/wp\/v2\/pages\/14\/revisions"}],"predecessor-version":[{"id":15,"href":"https:\/\/www.lotodicas.com.br\/loterias\/wp-json\/wp\/v2\/pages\/14\/revisions\/15"}],"wp:attachment":[{"href":"https:\/\/www.lotodicas.com.br\/loterias\/wp-json\/wp\/v2\/media?parent=14"}],"curies":[{"name":"wp","href":"https:\/\/api.w.org\/{rel}","templated":true}]}}